{"id":8624,"date":"2026-04-09T19:45:25","date_gmt":"2026-04-09T19:45:25","guid":{"rendered":"https:\/\/spu.org.pe\/congresoperuanodeurologia2025\/?page_id=8624"},"modified":"2026-04-10T22:27:35","modified_gmt":"2026-04-10T22:27:35","slug":"taller-hands-on-de-cirugia-reconstructiva","status":"publish","type":"page","link":"https:\/\/spu.org.pe\/congresoperuanodeurologia2025\/taller-hands-on-de-cirugia-reconstructiva\/","title":{"rendered":"TALLER HANDS ON DE CIRUG\u00cdA RECONSTRUCTIVA"},"content":{"rendered":"\t\t<div data-elementor-type=\"wp-page\" data-elementor-id=\"8624\" class=\"elementor elementor-8624\">\n\t\t\t\t<div class=\"elementor-element elementor-element-9f1e2c1 e-flex e-con-boxed e-con e-parent\" data-id=\"9f1e2c1\" data-element_type=\"container\" data-settings=\"{&quot;background_background&quot;:&quot;classic&quot;}\">\n\t\t\t\t\t<div class=\"e-con-inner\">\n\t\t\t\t<div class=\"elementor-element elementor-element-05d6bd5 elementor-widget elementor-widget-spacer\" data-id=\"05d6bd5\" data-element_type=\"widget\" data-widget_type=\"spacer.default\">\n\t\t\t\t<div class=\"elementor-widget-container\">\n\t\t\t\t\t\t\t<div class=\"elementor-spacer\">\n\t\t\t<div class=\"elementor-spacer-inner\"><\/div>\n\t\t<\/div>\n\t\t\t\t\t\t<\/div>\n\t\t\t\t<\/div>\n\t\t\t\t\t<\/div>\n\t\t\t\t<\/div>\n\t\t<div class=\"elementor-element elementor-element-a457e7b e-flex e-con-boxed e-con e-parent\" data-id=\"a457e7b\" data-element_type=\"container\" data-settings=\"{&quot;background_background&quot;:&quot;classic&quot;}\">\n\t\t\t\t\t<div class=\"e-con-inner\">\n\t\t<div class=\"elementor-element elementor-element-ac955b2 e-con-full e-flex e-con e-child\" data-id=\"ac955b2\" data-element_type=\"container\" data-settings=\"{&quot;background_background&quot;:&quot;classic&quot;}\">\n\t\t\t\t<div class=\"elementor-element elementor-element-3ada6a8 elementor-widget elementor-widget-heading\" data-id=\"3ada6a8\" data-element_type=\"widget\" data-widget_type=\"heading.default\">\n\t\t\t\t<div class=\"elementor-widget-container\">\n\t\t\t\t\t<h1 class=\"elementor-heading-title elementor-size-default\">TALLER HANDS ON CIRUG\u00cdA RECONSTRUCTIVA <\/h1>\t\t\t\t<\/div>\n\t\t\t\t<\/div>\n\t\t\t\t<div class=\"elementor-element elementor-element-77211c2 elementor-widget elementor-widget-heading\" data-id=\"77211c2\" data-element_type=\"widget\" data-widget_type=\"heading.default\">\n\t\t\t\t<div class=\"elementor-widget-container\">\n\t\t\t\t\t<h1 class=\"elementor-heading-title elementor-size-default\">REGISTROS<\/h1>\t\t\t\t<\/div>\n\t\t\t\t<\/div>\n\t\t\t\t<\/div>\n\t\t\t\t\t<\/div>\n\t\t\t\t<\/div>\n\t\t<div class=\"elementor-element elementor-element-3552a43 e-flex e-con-boxed e-con e-parent\" data-id=\"3552a43\" data-element_type=\"container\" data-settings=\"{&quot;background_background&quot;:&quot;classic&quot;}\">\n\t\t\t\t\t<div class=\"e-con-inner\">\n\t\t<div class=\"elementor-element elementor-element-6524a6a e-con-full e-flex e-con e-child\" data-id=\"6524a6a\" data-element_type=\"container\" data-settings=\"{&quot;background_background&quot;:&quot;classic&quot;}\">\n\t\t\t\t<div class=\"elementor-element elementor-element-e999d99 elementor-widget elementor-widget-spacer\" data-id=\"e999d99\" data-element_type=\"widget\" data-widget_type=\"spacer.default\">\n\t\t\t\t<div class=\"elementor-widget-container\">\n\t\t\t\t\t\t\t<div class=\"elementor-spacer\">\n\t\t\t<div class=\"elementor-spacer-inner\"><\/div>\n\t\t<\/div>\n\t\t\t\t\t\t<\/div>\n\t\t\t\t<\/div>\n\t\t\t\t<div class=\"elementor-element elementor-element-6598ea4 elementor-widget elementor-widget-shortcode\" data-id=\"6598ea4\" data-element_type=\"widget\" data-widget_type=\"shortcode.default\">\n\t\t\t\t<div class=\"elementor-widget-container\">\n\t\t\t\t\t\t\t<div class=\"elementor-shortcode\"><div class=\"forminator-ui forminator-custom-form forminator-custom-form-8627 forminator-design--material  forminator_ajax\" data-forminator-render=\"0\" data-form=\"forminator-module-8627\" data-uid=\"69f5ed37dca48\"><br\/><\/div><form\n\t\t\t\tid=\"forminator-module-8627\"\n\t\t\t\tclass=\"forminator-ui forminator-custom-form forminator-custom-form-8627 forminator-design--material  forminator_ajax\"\n\t\t\t\tmethod=\"post\"\n\t\t\t\tdata-forminator-render=\"0\"\n\t\t\t\tdata-form-id=\"8627\"\n\t\t\t\t\n\t\t\t\tdata-design=\"material\"\n\t\t\t\t\n\t\t\t\t\n\t\t\t\t\n\t\t\t\tdata-grid=\"open\"\n\t\t\t\tenctype=\"multipart\/form-data\"\n\t\t\t\t\n\t\t\t\tstyle=\"display: none;\"\n\t\t\t\t\n\t\t\t\tdata-uid=\"69f5ed37dca48\"\n\t\t\t><div role=\"alert\" aria-live=\"polite\" class=\"forminator-response-message forminator-error\" aria-hidden=\"true\"><\/div><div class=\"forminator-row\"><div id=\"name-1\" class=\"forminator-field-name forminator-col forminator-col-12 \"><div class=\"forminator-row forminator-no-margin\" data-multiple=\"true\"><div class=\"forminator-col forminator-col-md-6\"><div class=\"forminator-field\"><label for=\"forminator-field-first-name-1_69f5ed37dca48\" id=\"forminator-field-first-name-1_69f5ed37dca48-label\" class=\"forminator-label\">Nombre <span class=\"forminator-required\">*<\/span><\/label><input type=\"text\" name=\"name-1-first-name\" placeholder=\"Ejemplo: Juan\" id=\"forminator-field-first-name-1_69f5ed37dca48\" class=\"forminator-input\" aria-required=\"true\" data-multi=\"1\" value=\"\" \/><\/div><\/div><div class=\"forminator-col forminator-col-md-6\"><div class=\"forminator-field\"><label for=\"forminator-field-last-name-1_69f5ed37dca48\" id=\"forminator-field-last-name-1_69f5ed37dca48-label\" class=\"forminator-label\">Apellidos<\/label><input type=\"text\" name=\"name-1-last-name\" placeholder=\"Ejemplo: P\u00e9rez\" id=\"forminator-field-last-name-1_69f5ed37dca48\" class=\"forminator-input\" aria-required=\"false\" data-multi=\"1\" value=\"\" \/><\/div><\/div><\/div><\/div><\/div><div class=\"forminator-row\"><div id=\"email-1\" class=\"forminator-field-email forminator-col forminator-col-6 \"><div class=\"forminator-field\"><label for=\"forminator-field-email-1_69f5ed37dca48\" id=\"forminator-field-email-1_69f5ed37dca48-label\" class=\"forminator-label\">Direcci\u00f3n de correo electr\u00f3nico <span class=\"forminator-required\">*<\/span><\/label><input type=\"email\" name=\"email-1\" value=\"\" placeholder=\"Ej . : john@doe.com\" id=\"forminator-field-email-1_69f5ed37dca48\" class=\"forminator-input forminator-email--field\" data-required=\"1\" aria-required=\"true\" \/><\/div><\/div><div id=\"phone-1\" class=\"forminator-field-phone forminator-col forminator-col-6 \"><div class=\"forminator-field\"><label for=\"forminator-field-phone-1_69f5ed37dca48\" id=\"forminator-field-phone-1_69f5ed37dca48-label\" class=\"forminator-label\">Tel\u00e9fono <span class=\"forminator-required\">*<\/span><\/label><input type=\"text\" name=\"phone-1\" value=\"\" placeholder=\"Ejemplo: +1 300 400 5000\" id=\"forminator-field-phone-1_69f5ed37dca48\" class=\"forminator-input forminator-field--phone\" data-required=\"1\" aria-required=\"true\" autocomplete=\"off\" \/><\/div><\/div><\/div><div class=\"forminator-row\"><div id=\"name-2\" class=\"forminator-field-name forminator-col forminator-col-6 \"><div class=\"forminator-field\"><label for=\"forminator-field-name-2_69f5ed37dca48\" id=\"forminator-field-name-2_69f5ed37dca48-label\" class=\"forminator-label\">DNI <span class=\"forminator-required\">*<\/span><\/label><input type=\"text\" name=\"name-2\" value=\"\" placeholder=\"Ejemplo: 76589532\" id=\"forminator-field-name-2_69f5ed37dca48\" class=\"forminator-input forminator-name--field\" aria-required=\"true\" \/><\/div><\/div><div id=\"name-3\" class=\"forminator-field-name forminator-col forminator-col-6 \"><div class=\"forminator-field\"><label for=\"forminator-field-name-3_69f5ed37dca48\" id=\"forminator-field-name-3_69f5ed37dca48-label\" class=\"forminator-label\">CMP <span class=\"forminator-required\">*<\/span><\/label><input type=\"text\" name=\"name-3\" value=\"\" placeholder=\"Ejemplo: 4178520\" id=\"forminator-field-name-3_69f5ed37dca48\" class=\"forminator-input forminator-name--field\" aria-required=\"true\" \/><\/div><\/div><\/div><div class=\"forminator-row\"><div id=\"name-6\" class=\"forminator-field-name forminator-col forminator-col-6 \"><div class=\"forminator-field\"><label for=\"forminator-field-name-6_69f5ed37dca48\" id=\"forminator-field-name-6_69f5ed37dca48-label\" class=\"forminator-label\">Especialidad M\u00e9dica <span class=\"forminator-required\">*<\/span><\/label><input type=\"text\" name=\"name-6\" value=\"\" placeholder=\"Ejemplo: Urolog\u00eda\" id=\"forminator-field-name-6_69f5ed37dca48\" class=\"forminator-input forminator-name--field\" aria-required=\"true\" \/><\/div><\/div><div id=\"name-7\" class=\"forminator-field-name forminator-col forminator-col-6 \"><div class=\"forminator-field\"><label for=\"forminator-field-name-7_69f5ed37dca48\" id=\"forminator-field-name-7_69f5ed37dca48-label\" class=\"forminator-label\">Ciudad<\/label><input type=\"text\" name=\"name-7\" value=\"\" placeholder=\"Ejemplo: Lima\" id=\"forminator-field-name-7_69f5ed37dca48\" class=\"forminator-input forminator-name--field\" aria-required=\"false\" \/><\/div><\/div><\/div><div class=\"forminator-row\"><div id=\"name-8\" class=\"forminator-field-name forminator-col forminator-col-12 \"><div class=\"forminator-field\"><label for=\"forminator-field-name-8_69f5ed37dca48\" id=\"forminator-field-name-8_69f5ed37dca48-label\" class=\"forminator-label\">Hospital \/ Centro de labor<\/label><input type=\"text\" name=\"name-8\" value=\"\" placeholder=\"Ejemplo: Hospital Guillermo Almenara\" id=\"forminator-field-name-8_69f5ed37dca48\" class=\"forminator-input forminator-name--field\" aria-required=\"false\" \/><\/div><\/div><\/div><div class=\"forminator-row\"><div id=\"radio-2\" class=\"forminator-field-radio forminator-col forminator-col-12 \"><div role=\"radiogroup\" class=\"forminator-field\" aria-labelledby=\"forminator-radiogroup-radio-2-69f5ed37dca48-label\"><span id=\"forminator-radiogroup-radio-2-69f5ed37dca48-label\" class=\"forminator-label\">Seleccionar Categor\u00eda<\/span><label id=\"forminator-field-radio-2-label-1\" for=\"forminator-field-radio-2-1-69f5ed37dca48\" class=\"forminator-radio\" title=\"PAQUETE B\u00c1SICO - $45 USD | Mod. Presencial\"><input type=\"radio\" name=\"radio-2\" value=\"PAQUETE B\u00c1SICO - $45 USD - Presencial\" id=\"forminator-field-radio-2-1-69f5ed37dca48\" aria-labelledby=\"forminator-field-radio-2-label-1\" data-calculation=\"0\"   data-hidden-behavior=\"zero\"\/><span class=\"forminator-radio-bullet\" aria-hidden=\"true\"><\/span><span class=\"forminator-radio-label\">PAQUETE B\u00c1SICO - $45 USD | Mod. Presencial<\/span><\/label><label id=\"forminator-field-radio-2-label-2\" for=\"forminator-field-radio-2-2-69f5ed37dca48\" class=\"forminator-radio\" title=\"PAQUETE B\u00c1SICO - $45 USD | Mod. Virtual\"><input type=\"radio\" name=\"radio-2\" value=\"PAQUETE B\u00c1SICO - $45 USD - Virtual\" id=\"forminator-field-radio-2-2-69f5ed37dca48\" aria-labelledby=\"forminator-field-radio-2-label-2\" data-calculation=\"0\"   data-hidden-behavior=\"zero\"\/><span class=\"forminator-radio-bullet\" aria-hidden=\"true\"><\/span><span class=\"forminator-radio-label\">PAQUETE B\u00c1SICO - $45 USD | Mod. Virtual<\/span><\/label><label id=\"forminator-field-radio-2-label-3\" for=\"forminator-field-radio-2-3-69f5ed37dca48\" class=\"forminator-radio\" title=\"PAQUETE INTERMEDIO - $150 USD\"><input type=\"radio\" name=\"radio-2\" value=\"PAQUETE INTERMEDIO - $150 USD\" id=\"forminator-field-radio-2-3-69f5ed37dca48\" aria-labelledby=\"forminator-field-radio-2-label-3\" data-calculation=\"0\"   data-hidden-behavior=\"zero\"\/><span class=\"forminator-radio-bullet\" aria-hidden=\"true\"><\/span><span class=\"forminator-radio-label\">PAQUETE INTERMEDIO - $150 USD<\/span><\/label><label id=\"forminator-field-radio-2-label-4\" for=\"forminator-field-radio-2-4-69f5ed37dca48\" class=\"forminator-radio\" title=\"PAQUETE COMPLETO - $300 USD\"><input type=\"radio\" name=\"radio-2\" value=\"PAQUETE COMPLETO - $300 USD\" id=\"forminator-field-radio-2-4-69f5ed37dca48\" aria-labelledby=\"forminator-field-radio-2-label-4\" data-calculation=\"0\"   data-hidden-behavior=\"zero\"\/><span class=\"forminator-radio-bullet\" aria-hidden=\"true\"><\/span><span class=\"forminator-radio-label\">PAQUETE COMPLETO - $300 USD<\/span><\/label><\/div><\/div><\/div><div class=\"forminator-row\"><div id=\"html-2\" class=\"forminator-field-html forminator-col forminator-col-12 \"><div class=\"forminator-field forminator-merge-tags\" data-field=\"html-2\"><label class=\"forminator-label\">TERMINOS Y CONDICIONES<\/label><p><img decoding=\"async\" alt=\"Ejemplo\" src=\"https:\/\/spu.org.pe\/wp-content\/uploads\/2026\/04\/POLITICAS-Y-REGLAMENTO-DE-PAGO-6.png\" class=\"aligncenter\"><\/p><\/div><\/div><\/div><div class=\"forminator-row\"><div id=\"radio-1\" class=\"forminator-field-radio forminator-col forminator-col-12 \"><div role=\"radiogroup\" class=\"forminator-field\" aria-labelledby=\"forminator-radiogroup-radio-1-69f5ed37dca48-label\"><span id=\"forminator-radiogroup-radio-1-69f5ed37dca48-label\" class=\"forminator-label\">ACEPTO LAS POLITICAS Y REGLAMENTO DE PAGO <span class=\"forminator-required\">*<\/span><\/span><label id=\"forminator-field-radio-1-label-1\" for=\"forminator-field-radio-1-1-69f5ed37dca48\" class=\"forminator-radio\" title=\"S\u00cd ACEPTO\"><input type=\"radio\" name=\"radio-1\" value=\"S\u00cd ACEPTO\" id=\"forminator-field-radio-1-1-69f5ed37dca48\" aria-labelledby=\"forminator-field-radio-1-label-1\" data-calculation=\"0\" checked=\"checked\"  data-hidden-behavior=\"zero\"\/><span class=\"forminator-radio-bullet\" aria-hidden=\"true\"><\/span><span class=\"forminator-radio-label\">S\u00cd ACEPTO<\/span><\/label><\/div><\/div><\/div><div class=\"forminator-row\"><div id=\"html-1\" class=\"forminator-field-html forminator-col forminator-col-12 \"><div class=\"forminator-field forminator-merge-tags\" data-field=\"html-1\"><label class=\"forminator-label\">CUENTA BBVA E INTERBANCARIA SPU<\/label><p><label style=\"font-size: small;color: blue\"><b>N\u00daMEROS DE CUENTA BANCARIA<\/b><\/label> <br><strong><label style=\"font-size: small;color: black\">BBVA D\u00d3LARES: 0011-0351-0100001887<\/label><\/strong> <br><strong><label style=\"font-size: small;color: black\">CUENTA INTERBANCARIA: 011-351-000100001887-47<\/label><\/strong><\/p>\n<p><strong>Nombre de la Cuenta: Sociedad Peruana de Urolog\u00eda<br>Direcci\u00f3n<\/strong>: Jr. Huamachuco N\u00b01960 \u2013 Jes\u00fas Maria<br><strong>Tel\u00e9fonos<\/strong>: +51 996507519<br><strong>Correo Electr\u00f3nico:<\/strong> spu_urologia@spu.org.pe <br><strong>Pagina web<\/strong>: www.spu.org.pe<br><br><label style=\"color: #2d7fc3;font-size: small\"> -&gt; Nota: Si no tiene con una cuenta en d\u00f3lares, introduzca la cuenta en d\u00f3lares anterior que le hemos brindado y su banco se encargar\u00e1 de hacer la conversi\u00f3n correspondiente<\/label><\/p><\/div><\/div><\/div><div class=\"forminator-row\"><div id=\"upload-1\" class=\"forminator-field-upload forminator-col forminator-col-12 \"><div class=\"forminator-field\"><label for=\"forminator-field-upload-1_69f5ed37dca48\" id=\"forminator-field-upload-1_69f5ed37dca48-label\" class=\"forminator-label\">Adjuntar voucher <span class=\"forminator-required\">*<\/span><\/label><div class=\"forminator-file-upload \" data-element=\"upload-1_69f5ed37dca48\"><input type=\"file\" name=\"upload-1\" id=\"forminator-field-upload-1_69f5ed37dca48\" class=\"forminator-input-file-required do-validate\" accept=\".jpg,.jpeg,.jpe,.gif,.png,.bmp,.tiff,.tif,.webp,.avif,.ico,.heic,.heif,.heics,.heifs,.asf,.asx,.wmv,.wmx,.wm,.avi,.divx,.flv,.mov,.qt,.mpeg,.mpg,.mpe,.mp4,.m4v,.ogv,.webm,.mkv,.3gp,.3gpp,.3g2,.3gp2,.txt,.asc,.c,.cc,.h,.srt,.csv,.tsv,.ics,.rtx,.vtt,.mp3,.m4a,.m4b,.aac,.ra,.ram,.wav,.ogg,.oga,.flac,.mid,.midi,.wma,.wax,.mka,.rtf,.pdf,.class,.tar,.zip,.gz,.gzip,.7z,.psd,.xcf,.doc,.pot,.pps,.ppt,.wri,.xla,.xls,.xlt,.xlw,.mdb,.mpp,.docx,.docm,.dotx,.dotm,.xlsx,.xlsm,.xlsb,.xltx,.xltm,.xlam,.pptx,.pptm,.ppsx,.ppsm,.potx,.potm,.ppam,.sldx,.sldm,.onetoc,.onetoc2,.onetmp,.onepkg,.oxps,.xps,.odt,.odp,.ods,.odg,.odc,.odb,.odf,.wp,.wpd,.key,.numbers,.pages\"><button id=\"forminator-field-upload-1_69f5ed37dca48_button\" class=\"forminator-button forminator-button-upload\" data-id=\"forminator-field-upload-1_69f5ed37dca48\">Elegir archivo<\/button><span data-empty-text=\"Ning\u00fan archivo seleccionado\">Ning\u00fan archivo seleccionado<\/span><button class=\"forminator-button-delete\" style=\"display: none;\"><i class=\"forminator-icon-close\" aria-hidden=\"true\"><\/i><span class=\"forminator-screen-reader-only\">Eliminar el archivo subido<\/span><\/button><\/div><\/div><\/div><\/div><div class=\"forminator-row\"><div id=\"html-3\" class=\"forminator-field-html forminator-col forminator-col-12 \"><div class=\"forminator-field forminator-merge-tags\" data-field=\"html-3\"><label class=\"forminator-label\">SI DESEA FACTURA, LLENE LOS SIGUIENTES CAMPOS:<\/label><\/div><\/div><\/div><div class=\"forminator-row\"><div id=\"name-9\" class=\"forminator-field-name forminator-col forminator-col-6 \"><div class=\"forminator-field\"><label for=\"forminator-field-name-9_69f5ed37dca48\" id=\"forminator-field-name-9_69f5ed37dca48-label\" class=\"forminator-label\">RUC<\/label><input type=\"text\" name=\"name-9\" value=\"\" placeholder=\"Ejm: 20254389651\" id=\"forminator-field-name-9_69f5ed37dca48\" class=\"forminator-input forminator-name--field\" aria-required=\"false\" \/><\/div><\/div><div id=\"name-10\" class=\"forminator-field-name forminator-col forminator-col-6 \"><div class=\"forminator-field\"><label for=\"forminator-field-name-10_69f5ed37dca48\" id=\"forminator-field-name-10_69f5ed37dca48-label\" class=\"forminator-label\">Razon Social<\/label><input type=\"text\" name=\"name-10\" value=\"\" placeholder=\"Ejemplo: Sociedad Peruana de Urolog\u00eda\" id=\"forminator-field-name-10_69f5ed37dca48\" class=\"forminator-input forminator-name--field\" aria-required=\"false\" \/><\/div><\/div><\/div><input type=\"hidden\" name=\"referer_url\" value=\"\" \/><div class=\"forminator-row forminator-row-last\"><div class=\"forminator-col\"><div class=\"forminator-field\"><button class=\"forminator-button forminator-button-submit\"><span>Enviar mensaje<\/span><span aria-hidden=\"true\"><\/span><\/button><\/div><\/div><\/div><input type=\"hidden\" id=\"forminator_nonce\" name=\"forminator_nonce\" value=\"943676fbcf\" \/><input type=\"hidden\" name=\"_wp_http_referer\" value=\"\/congresoperuanodeurologia2025\/wp-json\/wp\/v2\/pages\/8624\" \/><input type=\"hidden\" name=\"form_id\" value=\"8627\"><input type=\"hidden\" name=\"page_id\" value=\"8624\"><input type=\"hidden\" name=\"form_type\" value=\"default\"><input type=\"hidden\" name=\"current_url\" value=\"https:\/\/spu.org.pe\/congresoperuanodeurologia2025\/taller-hands-on-de-cirugia-reconstructiva\/\"><input type=\"hidden\" name=\"render_id\" value=\"0\"><input type=\"hidden\" name=\"action\" value=\"forminator_submit_form_custom-forms\"><\/form><\/div>\n\t\t\t\t\t\t<\/div>\n\t\t\t\t<\/div>\n\t\t\t\t<div class=\"elementor-element elementor-element-efb286d elementor-widget elementor-widget-spacer\" data-id=\"efb286d\" data-element_type=\"widget\" data-widget_type=\"spacer.default\">\n\t\t\t\t<div class=\"elementor-widget-container\">\n\t\t\t\t\t\t\t<div class=\"elementor-spacer\">\n\t\t\t<div class=\"elementor-spacer-inner\"><\/div>\n\t\t<\/div>\n\t\t\t\t\t\t<\/div>\n\t\t\t\t<\/div>\n\t\t\t\t<\/div>\n\t\t\t\t\t<\/div>\n\t\t\t\t<\/div>\n\t\t\t\t<\/div>\n\t\t","protected":false},"excerpt":{"rendered":"<p>TALLER HANDS ON CIRUG\u00cdA RECONSTRUCTIVA REGISTROS<\/p>\n","protected":false},"author":1,"featured_media":0,"parent":0,"menu_order":0,"comment_status":"closed","ping_status":"closed","template":"elementor_canvas","meta":{"site-sidebar-layout":"no-sidebar","site-content-layout":"","ast-site-content-layout":"full-width-container","site-content-style":"default","site-sidebar-style":"default","ast-global-header-display":"","ast-banner-title-visibility":"","ast-main-header-display":"","ast-hfb-above-header-display":"","ast-hfb-below-header-display":"","ast-hfb-mobile-header-display":"","site-post-title":"disabled","ast-breadcrumbs-content":"","ast-featured-img":"disabled","footer-sml-layout":"","theme-transparent-header-meta":"","adv-header-id-meta":"","stick-header-meta":"","header-above-stick-meta":"","header-main-stick-meta":"","header-below-stick-meta":"","astra-migrate-meta-layouts":"default","ast-page-background-enabled":"default","ast-page-background-meta":{"desktop":{"background-color":"var(--ast-global-color-5)","background-image":"","background-repeat":"repeat","background-position":"center center","background-size":"auto","background-attachment":"scroll","background-type":"","background-media":"","overlay-type":"","overlay-color":"","overlay-opacity":"","overlay-gradient":""},"tablet":{"background-color":"","background-image":"","background-repeat":"repeat","background-position":"center center","background-size":"auto","background-attachment":"scroll","background-type":"","background-media":"","overlay-type":"","overlay-color":"","overlay-opacity":"","overlay-gradient":""},"mobile":{"background-color":"","background-image":"","background-repeat":"repeat","background-position":"center center","background-size":"auto","background-attachment":"scroll","background-type":"","background-media":"","overlay-type":"","overlay-color":"","overlay-opacity":"","overlay-gradient":""}},"ast-content-background-meta":{"desktop":{"background-color":"var(--ast-global-color-4)","background-image":"","background-repeat":"repeat","background-position":"center center","background-size":"auto","background-attachment":"scroll","background-type":"","background-media":"","overlay-type":"","overlay-color":"","overlay-opacity":"","overlay-gradient":""},"tablet":{"background-color":"var(--ast-global-color-4)","background-image":"","background-repeat":"repeat","background-position":"center center","background-size":"auto","background-attachment":"scroll","background-type":"","background-media":"","overlay-type":"","overlay-color":"","overlay-opacity":"","overlay-gradient":""},"mobile":{"background-color":"var(--ast-global-color-4)","background-image":"","background-repeat":"repeat","background-position":"center center","background-size":"auto","background-attachment":"scroll","background-type":"","background-media":"","overlay-type":"","overlay-color":"","overlay-opacity":"","overlay-gradient":""}},"footnotes":""},"class_list":["post-8624","page","type-page","status-publish","hentry"],"_links":{"self":[{"href":"https:\/\/spu.org.pe\/congresoperuanodeurologia2025\/wp-json\/wp\/v2\/pages\/8624","targetHints":{"allow":["GET"]}}],"collection":[{"href":"https:\/\/spu.org.pe\/congresoperuanodeurologia2025\/wp-json\/wp\/v2\/pages"}],"about":[{"href":"https:\/\/spu.org.pe\/congresoperuanodeurologia2025\/wp-json\/wp\/v2\/types\/page"}],"author":[{"embeddable":true,"href":"https:\/\/spu.org.pe\/congresoperuanodeurologia2025\/wp-json\/wp\/v2\/users\/1"}],"replies":[{"embeddable":true,"href":"https:\/\/spu.org.pe\/congresoperuanodeurologia2025\/wp-json\/wp\/v2\/comments?post=8624"}],"version-history":[{"count":10,"href":"https:\/\/spu.org.pe\/congresoperuanodeurologia2025\/wp-json\/wp\/v2\/pages\/8624\/revisions"}],"predecessor-version":[{"id":8640,"href":"https:\/\/spu.org.pe\/congresoperuanodeurologia2025\/wp-json\/wp\/v2\/pages\/8624\/revisions\/8640"}],"wp:attachment":[{"href":"https:\/\/spu.org.pe\/congresoperuanodeurologia2025\/wp-json\/wp\/v2\/media?parent=8624"}],"curies":[{"name":"wp","href":"https:\/\/api.w.org\/{rel}","templated":true}]}}